{"id":738,"date":"2019-04-02T10:28:58","date_gmt":"2019-04-02T08:28:58","guid":{"rendered":"http:\/\/www.bsforma.com\/bsf\/?page_id=738"},"modified":"2019-04-02T15:23:40","modified_gmt":"2019-04-02T13:23:40","slug":"reference-clients","status":"publish","type":"page","link":"http:\/\/www.bsforma.com\/bsf\/training-programs\/reference-clients\/","title":{"rendered":"Pr\u00e9sentation g\u00e9n\u00e9rale"},"content":{"rendered":"<p>[vc_row][vc_column][vc_single_image image=\u00a0\u00bb386&Prime; img_size=\u00a0\u00bbfull\u00a0\u00bb][vc_empty_space height=\u00a0\u00bb40px\u00a0\u00bb][vc_column_text]<\/p>\n<h4 class=\"no-margin-top\">PLATEFORME P\u00c9DAGOGIQUE E-LEARNING<\/h4>\n<p>Aujourd\u2019hui, La ressource humaine fait partie des \u00e9l\u00e9ments essentiels contribuant au d\u00e9veloppement d\u2019entreprise, de communaut\u00e9 et m\u00eame de pays et de notre plan\u00e8te, car nous apprenons non seulement les connaissances accumul\u00e9es progressivement au fil du d\u00e9veloppement de l\u2019\u00eatre humain, mais aussi les techniques, les moyens d\u2019organisation, l\u2019esprit de responsabilit\u00e9, la d\u00e9ontologique ainsi que nos pouvoirs et devoirs dans la vie sociale.<\/p>\n<p>Nous sommes dans une \u00e9poque o\u00f9 les entreprises priv\u00e9es se d\u00e9veloppent tr\u00e8s rapidement. Donc, les salari\u00e9s sont de plus en plus pris par leur travail et ainsi, ont moins de temps \u00e0 se d\u00e9placer pour suivre une formation et s\u2019am\u00e9liorer. C\u2019est dans ce contexte-l\u00e0 que nous d\u00e9veloppons la formation \u00e0 distance afin de nous mieux adapter \u00e0 leur rythme de vie et \u00e0 leurs besoins de formation.<\/p>\n<p>La plateforme permet aux apprenants d&rsquo;acc\u00e9der aux ressources p\u00e9dagogiques et de s&rsquo;\u00e9changer autour des contenus et des activit\u00e9s p\u00e9dagogiques, etc. dans leur espace personnel.[\/vc_column_text][vc_empty_space height=\u00a0\u00bb30px\u00a0\u00bb][vc_column_text]<\/p>\n<h4>R\u00e8gle de notre formation E-Learning<\/h4>\n<p>Une fois le contrat de formation E-Learning sign\u00e9 par vous et notre organisme de formation, vous poss\u00e9derez un identifiant et un code d\u2019acc\u00e8s et vous pourrez acc\u00e9der \u00e0 la plateforme E-Learning pour commencer votre apprentissage. Veuillez suivre la r\u00e8gle ci-dessous\u00a0:<\/p>\n<p>Cliquez d\u2019abord le bouton \u00ab commencer \u00bb pour d\u00e9marrer votre apprentissage. Quand vous finissez votre formation en ligne, vous cliquez le bouton \u00ab terminer \u00bb, puis vous quittez la plateforme. Notre syst\u00e8me va calculer automatiquement votre dur\u00e9e d\u2019apprentissage.<\/p>\n<p><strong>Bonne formation\u00a0!<\/strong>[\/vc_column_text][vc_empty_space height=\u00a0\u00bb35px\u00a0\u00bb][\/vc_column][\/vc_row][vc_row][vc_column][vc_tta_tabs][vc_tta_section title=\u00a0\u00bbavantages de notre E-learning\u00a0\u00bb tab_id=\u00a0\u00bb1462503266381-4f0ca20e-b5ad\u00a0\u00bb][vc_column_text]<\/p>\n<ul>\n<li>Horaires flexibles\u00a0: en fonction de vos disponibilit\u00e9s<\/li>\n<li>Lieu flexible\u00a0: \u00e0 domicile ou en entreprise, en France ou \u00e0 l&rsquo;\u00e9tranger<\/li>\n<li>Aucun d\u00e9placement\u00a0: gagner du temps et \u00e9conomiser le budget<\/li>\n<li>Atmosph\u00e8re \u00e0 l\u2019aise\u00a0: th\u00e9 et caf\u00e9 \u00e0 votre disposition pendant le repos<\/li>\n<li>Apprentissage d\u00e9tendu selon votre rythme<\/li>\n<\/ul>\n<p>[\/vc_column_text][\/vc_tta_section][vc_tta_section title=\u00a0\u00bbfonctionnalit\u00e9s\u00a0\u00bb tab_id=\u00a0\u00bb1462503359621-08dd89b5-855a\u00a0\u00bb][vc_column_text]La plateforme de notre organisme permet \u00e0 nos stagiaires et intervenants de manipuler les op\u00e9rations suivantes\u00a0:<\/p>\n<ul>\n<li>T\u00e9l\u00e9charger leurs cours, d\u00e9poser leurs devoirs, disposer d&rsquo;un suivi p\u00e9dagogique et \u00e9ventuellement d&rsquo;un tutorat.<\/li>\n<li>Suivre des cours avec un professeur virtuel comme avec un vrai professeur en pr\u00e9sentiel.<\/li>\n<li>Ecouter des enregistrements sonores, regarder des vid\u00e9os, faire des activit\u00e9s\u2026 Nous faisons tout ce que nous pouvons afin de visualiser de v\u00e9ritables modules de cours interactifs.<\/li>\n<li>Enregistrer\u00a0 les relev\u00e9s de\u00a0 connexion.<\/li>\n<li>La vari\u00e9t\u00e9 d\u2019outils de communication : communication enseignant \/ \u00e9tudiant avec forum, chat et messagerie<\/li>\n<li>R\u00e9pondre \u00e0 des \u00e9valuations en ligne.<\/li>\n<\/ul>\n<p>[\/vc_column_text][\/vc_tta_section][vc_tta_section title=\u00a0\u00bbMat\u00e9riels n\u00e9cessaires\u00a0\u00bb tab_id=\u00a0\u00bb1462503361479-bbc8fe9c-918a\u00a0\u00bb][vc_column_text]Pour assurer le bon d\u00e9roulement des cours E-learning, vous devez disposer :<\/p>\n<ul>\n<li>d&rsquo;un ordinateur<\/li>\n<li>d&rsquo;une connexion Internet<\/li>\n<li>d&rsquo;un casque audio\u00a0et d&rsquo;un microphone<\/li>\n<li>d\u2019un identifiant et d\u2019un code d\u2019acc\u00e8s<\/li>\n<\/ul>\n<p>[\/vc_column_text][\/vc_tta_section][\/vc_tta_tabs][\/vc_column][\/vc_row]<\/p>\n","protected":false},"excerpt":{"rendered":"<p>[vc_row][vc_column][vc_single_image image=\u00a0\u00bb386&Prime; img_size=\u00a0\u00bbfull\u00a0\u00bb][vc_empty_space height=\u00a0\u00bb40px\u00a0\u00bb][vc_column_text] PLATEFORME P\u00c9DAGOGIQUE E-LEARNING Aujourd\u2019hui, La ressource humaine fait partie des \u00e9l\u00e9ments essentiels contribuant au d\u00e9veloppement d\u2019entreprise, de communaut\u00e9 et m\u00eame de pays et de notre plan\u00e8te, car nous apprenons non seulement les connaissances accumul\u00e9es progressivement au fil du d\u00e9veloppement de l\u2019\u00eatre humain, mais aussi les techniques, les moyens d\u2019organisation, l\u2019esprit de [&hellip;]<\/p>\n","protected":false},"author":2,"featured_media":0,"parent":11,"menu_order":0,"comment_status":"closed","ping_status":"closed","template":"","meta":{"footnotes":""},"class_list":["post-738","page","type-page","status-publish","hentry","no-post-thumbnail"],"_links":{"self":[{"href":"http:\/\/www.bsforma.com\/bsf\/wp-json\/wp\/v2\/pages\/738"}],"collection":[{"href":"http:\/\/www.bsforma.com\/bsf\/wp-json\/wp\/v2\/pages"}],"about":[{"href":"http:\/\/www.bsforma.com\/bsf\/wp-json\/wp\/v2\/types\/page"}],"author":[{"embeddable":true,"href":"http:\/\/www.bsforma.com\/bsf\/wp-json\/wp\/v2\/users\/2"}],"replies":[{"embeddable":true,"href":"http:\/\/www.bsforma.com\/bsf\/wp-json\/wp\/v2\/comments?post=738"}],"version-history":[{"count":17,"href":"http:\/\/www.bsforma.com\/bsf\/wp-json\/wp\/v2\/pages\/738\/revisions"}],"predecessor-version":[{"id":787,"href":"http:\/\/www.bsforma.com\/bsf\/wp-json\/wp\/v2\/pages\/738\/revisions\/787"}],"up":[{"embeddable":true,"href":"http:\/\/www.bsforma.com\/bsf\/wp-json\/wp\/v2\/pages\/11"}],"wp:attachment":[{"href":"http:\/\/www.bsforma.com\/bsf\/wp-json\/wp\/v2\/media?parent=738"}],"curies":[{"name":"wp","href":"https:\/\/api.w.org\/{rel}","templated":true}]}}