{"id":719,"date":"2019-04-02T14:11:45","date_gmt":"2019-04-02T12:11:45","guid":{"rendered":"http:\/\/www.bsforma.com\/bsf\/?page_id=719"},"modified":"2023-06-24T14:57:47","modified_gmt":"2023-06-24T12:57:47","slug":"clients","status":"publish","type":"page","link":"http:\/\/www.bsforma.com\/bsf\/clients\/","title":{"rendered":"R\u00e9f\u00e9rence Clients"},"content":{"rendered":"<p>[vc_row][vc_column width=\u00a0\u00bb1\/2&Prime;][vc_empty_space height=\u00a0\u00bb40px\u00a0\u00bb][vc_column_text]<\/p>\n<h3 class=\"no-margin-top\">Nos R\u00e9f\u00e9rences<\/h3>\n<p>Nos clients ont confiance en notre expertise, en la stabilit\u00e9 de notre soci\u00e9t\u00e9, ainsi qu\u2019en la fiabilit\u00e9 de ses solutions en mati\u00e8re de formation.<br \/>\nNous effectuons nos missions aupr\u00e8s d\u2019une client\u00e8le venant de divers domaines. Notre \u00e9quipe agit en toute ind\u00e9pendance et met l\u2019ensemble de ses comp\u00e9tences au service de clients fid\u00e8les dont quelques-uns r\u00e9f\u00e9renc\u00e9s ci-dessous :<\/p>\n<p><img loading=\"lazy\" decoding=\"async\" class=\"alignnone wp-image-745\" src=\"http:\/\/www.bsforma.com\/bsf\/wp-content\/uploads\/2019\/04\/WeChat-Screenshot_20190402110825.png\" alt=\"\" width=\"227\" height=\"137\" \/> \u00a0 \u00a0 \u00a0 \u00a0 \u00a0\u00a0 <img loading=\"lazy\" decoding=\"async\" class=\"alignnone size-full wp-image-746\" src=\"http:\/\/www.bsforma.com\/bsf\/wp-content\/uploads\/2019\/04\/WeChat-Screenshot_20190402110853.png\" alt=\"\" width=\"73\" height=\"162\" \/><\/p>\n<p><img loading=\"lazy\" decoding=\"async\" class=\"alignnone wp-image-791\" src=\"http:\/\/www.bsforma.com\/bsf\/wp-content\/uploads\/2019\/04\/logo220.jpg\" alt=\"\" width=\"194\" height=\"37\" \/> \u00a0 \u00a0 \u00a0 \u00a0\u00a0<img loading=\"lazy\" decoding=\"async\" class=\"alignnone wp-image-792\" src=\"http:\/\/www.bsforma.com\/bsf\/wp-content\/uploads\/2019\/04\/WeChat-Screenshot_20190402153715-300x293.png\" alt=\"\" width=\"108\" height=\"106\" srcset=\"http:\/\/www.bsforma.com\/bsf\/wp-content\/uploads\/2019\/04\/WeChat-Screenshot_20190402153715-300x293.png 300w, http:\/\/www.bsforma.com\/bsf\/wp-content\/uploads\/2019\/04\/WeChat-Screenshot_20190402153715-50x50.png 50w, http:\/\/www.bsforma.com\/bsf\/wp-content\/uploads\/2019\/04\/WeChat-Screenshot_20190402153715-555x542.png 555w, http:\/\/www.bsforma.com\/bsf\/wp-content\/uploads\/2019\/04\/WeChat-Screenshot_20190402153715-600x586.png 600w, http:\/\/www.bsforma.com\/bsf\/wp-content\/uploads\/2019\/04\/WeChat-Screenshot_20190402153715.png 645w\" sizes=\"(max-width: 108px) 100vw, 108px\" \/><\/p>\n<p><img loading=\"lazy\" decoding=\"async\" class=\"alignnone wp-image-744\" src=\"http:\/\/www.bsforma.com\/bsf\/wp-content\/uploads\/2019\/04\/WeChat-Screenshot_20190402110747.png\" alt=\"\" width=\"184\" height=\"77\" \/> \u00a0 \u00a0 \u00a0 \u00a0 \u00a0<img loading=\"lazy\" decoding=\"async\" class=\"alignnone wp-image-743\" src=\"http:\/\/www.bsforma.com\/bsf\/wp-content\/uploads\/2019\/04\/WeChat-Screenshot_20190402110700.png\" alt=\"\" width=\"117\" height=\"87\" \/>[\/vc_column_text][vc_empty_space height=\u00a0\u00bb30px\u00a0\u00bb][vc_empty_space height=\u00a0\u00bb35px\u00a0\u00bb][\/vc_column][vc_column width=\u00a0\u00bb1\/2&Prime;][vc_column_text]<\/p>\n<h3><span style=\"color: #00ccff;\"><strong><img loading=\"lazy\" decoding=\"async\" class=\"alignnone size-medium wp-image-939\" src=\"http:\/\/www.bsforma.com\/bsf\/wp-content\/uploads\/2020\/03\/education1-300x200.jpg\" alt=\"\" width=\"300\" height=\"200\" srcset=\"http:\/\/www.bsforma.com\/bsf\/wp-content\/uploads\/2020\/03\/education1-300x200.jpg 300w, http:\/\/www.bsforma.com\/bsf\/wp-content\/uploads\/2020\/03\/education1-768x512.jpg 768w, http:\/\/www.bsforma.com\/bsf\/wp-content\/uploads\/2020\/03\/education1-1024x683.jpg 1024w, http:\/\/www.bsforma.com\/bsf\/wp-content\/uploads\/2020\/03\/education1-555x370.jpg 555w, http:\/\/www.bsforma.com\/bsf\/wp-content\/uploads\/2020\/03\/education1-1110x740.jpg 1110w, http:\/\/www.bsforma.com\/bsf\/wp-content\/uploads\/2020\/03\/education1-600x400.jpg 600w, http:\/\/www.bsforma.com\/bsf\/wp-content\/uploads\/2020\/03\/education1-1200x800.jpg 1200w\" sizes=\"(max-width: 300px) 100vw, 300px\" \/><\/strong><\/span><\/h3>\n<h6><span style=\"color: #00ccff;\">N<\/span><span style=\"color: #003366;\">ous accordons une grande importance \u00e0 la qualit\u00e9 des formations, et la relation client\u00e8le est aussi mise en place par notre \u00e9quipe. Sachez que notre \u00e9quipe met toutes ses comp\u00e9tences au service de la transmission des savoirs faire, et de l\u2019aide au d\u00e9veloppement des entreprises. La satisfaction des clients motiv\u00e9s, qui \u00a0nous soutiennent depuis longtemps est au centre des pr\u00e9occupations de notre \u00e9quipe, et nous avons \u00e0 c\u0153ur de toujours am\u00e9liorer notre service de qualit\u00e9 \u00a0dans la formation pour remplir notre mission.<\/span><\/h6>\n<p>[\/vc_column_text][\/vc_column][\/vc_row]<\/p>\n","protected":false},"excerpt":{"rendered":"<p>[vc_row][vc_column width=\u00a0\u00bb1\/2&Prime;][vc_empty_space height=\u00a0\u00bb40px\u00a0\u00bb][vc_column_text] Nos R\u00e9f\u00e9rences Nos clients ont confiance en notre expertise, en la stabilit\u00e9 de notre soci\u00e9t\u00e9, ainsi qu\u2019en la fiabilit\u00e9 de ses solutions en mati\u00e8re de formation. Nous effectuons nos missions aupr\u00e8s d\u2019une client\u00e8le venant de divers domaines. Notre \u00e9quipe agit en toute ind\u00e9pendance et met l\u2019ensemble de ses comp\u00e9tences au service de [&hellip;]<\/p>\n","protected":false},"author":4,"featured_media":0,"parent":0,"menu_order":0,"comment_status":"closed","ping_status":"closed","template":"","meta":{"footnotes":""},"class_list":["post-719","page","type-page","status-publish","hentry","no-post-thumbnail"],"_links":{"self":[{"href":"http:\/\/www.bsforma.com\/bsf\/wp-json\/wp\/v2\/pages\/719"}],"collection":[{"href":"http:\/\/www.bsforma.com\/bsf\/wp-json\/wp\/v2\/pages"}],"about":[{"href":"http:\/\/www.bsforma.com\/bsf\/wp-json\/wp\/v2\/types\/page"}],"author":[{"embeddable":true,"href":"http:\/\/www.bsforma.com\/bsf\/wp-json\/wp\/v2\/users\/4"}],"replies":[{"embeddable":true,"href":"http:\/\/www.bsforma.com\/bsf\/wp-json\/wp\/v2\/comments?post=719"}],"version-history":[{"count":11,"href":"http:\/\/www.bsforma.com\/bsf\/wp-json\/wp\/v2\/pages\/719\/revisions"}],"predecessor-version":[{"id":1369,"href":"http:\/\/www.bsforma.com\/bsf\/wp-json\/wp\/v2\/pages\/719\/revisions\/1369"}],"wp:attachment":[{"href":"http:\/\/www.bsforma.com\/bsf\/wp-json\/wp\/v2\/media?parent=719"}],"curies":[{"name":"wp","href":"https:\/\/api.w.org\/{rel}","templated":true}]}}