{"id":466,"date":"2019-02-06T01:58:27","date_gmt":"2019-02-06T00:58:27","guid":{"rendered":"http:\/\/www.bsforma.com\/bsf\/?page_id=466"},"modified":"2025-10-06T12:34:32","modified_gmt":"2025-10-06T10:34:32","slug":"nos-missions","status":"publish","type":"page","link":"http:\/\/www.bsforma.com\/bsf\/training-programs\/nos-missions\/","title":{"rendered":"Nos missions"},"content":{"rendered":"<p>[vc_row][vc_column][vc_single_image image=\u00a0\u00bb386&Prime; img_size=\u00a0\u00bbfull\u00a0\u00bb][vc_empty_space height=\u00a0\u00bb40px\u00a0\u00bb][vc_column_text]<\/p>\n<h5 class=\"no-margin-top\">L\u2019\u00e9ventail de nos services est \u00e9tendu. Notre \u00e9quipe, d\u00e9vou\u00e9e \u00e0 la formation professionnelle ainsi qu\u2019au conseil \u00e0 l\u2019entreprise, met en \u0153uvre les prestations de services suivantes:<\/h5>\n<ul class=\"style2\">\n<li>\n<h5><span style=\"color: #003366;\">Formation professionnelle<\/span><\/h5>\n<\/li>\n<li>\n<h5><span style=\"color: #003366;\">Traduction \u2013 Interpr\u00e9tariat<\/span><\/h5>\n<\/li>\n<li>\n<h5><span style=\"color: #003366;\">Conseil strat\u00e9gique inter-entreprise<\/span><\/h5>\n<\/li>\n<\/ul>\n<p>[\/vc_column_text][vc_empty_space height=\u00a0\u00bb30px\u00a0\u00bb][vc_empty_space][\/vc_column][\/vc_row][vc_row][vc_column][vc_column_text]<\/p>\n<h4><span style=\"color: #003300;\">NOS CULTURES ET VALEURS<\/span><\/h4>\n<p>Notre \u00e9tablissement, renomm\u00e9 pour son expertise et son esprit de responsabilit\u00e9, assure le suivi des stagiaires de bout en bout. Nous intervenons aupr\u00e8s des entreprises b\u00e9n\u00e9ficiaires afin de les assister dans leur d\u00e9veloppement et leur projet professionnel.<\/p>\n<p>Nous mettons \u00e0 votre disposition une \u00e9quipe passionn\u00e9e par l\u2019enseignement et la transmission des connaissances. Leur gentillesse et leur humanisme sont souvent cit\u00e9s en exemple.<\/p>\n<p>En bref, notre centre exerce depuis 2008, et depuis lors, notre \u00e9quipe consacre son temps, sa jeunesse et son \u00e9nergie \u00e0 la formation des stagiaires, veillant \u00e0 leur assiduit\u00e9, et ne comptant pas ses heures, c\u2019est notre fiert\u00e9.<\/p>\n<p>Il y a un proverbe chinois qui dit \u00a8rassemble les \u00e9lites \u00e0 former, ce sera un tr\u00e8s grand plaisir. \u96c6\u5929\u4e0b\u82f1\u624d \u800c\u6559\u4e4b\uff0c\u4e0d\u6b32\u60a6\u547c\uff1f\u00a8Les professeurs qui sont stricts, ils peuvent former les futures talents.\u4e25\u5e08\u51fa\u9ad8\u5f92. \u00a0Ce sont des principes importants pour nous.<\/p>\n<p>Un autre proverbe dit \u00ab Donner aux gens un poisson ne les nourrit qu\u2019une fois, il est pr\u00e9f\u00e9rable de leur enseigner la technique de la p\u00eache \u00bb\u00a0 Nos efforts sont consacr\u00e9s \u00e0 la qualit\u00e9 de la formation, et les qualifications de nos formateurs en est la premi\u00e8re garantie. Nos formateurs sont qualifi\u00e9s, et pour la plupart bilingues chinois et fran\u00e7ais.<\/p>\n<p>Nous imposons souvent une exigence disciplinaire aux stagiaires, ce qui parfois peut \u00eatre mal v\u00e9cu ou \u00eatre source de malentendus. Mais nous \u0153uvrons \u00e0 dissiper ces incompr\u00e9hensions dans l\u2019int\u00e9r\u00eat de la formation.<\/p>\n<p>En r\u00e9ponse \u00e0 cela, beaucoup de stagiaires nous ont d\u2019ailleurs t\u00e9moign\u00e9 leur gratitude pour la qualit\u00e9 des savoirs que nous avons pu leur apporter, et demandent \u00e0 poursuivre le travail avec notre centre.<\/p>\n<p>Notre situation g\u00e9ographique fait que nous intervenons physiquement essentiellement sur la r\u00e9gion Ile de France. Pour notre client\u00e8le r\u00e9sidant en province, nous proposons de l\u2019accompagner par le moyen de la formation \u00e0 distance.<\/p>\n<p>L\u2019objectif majeur de notre Organisme consiste, par la mise en place d\u2019actions de formation, \u00e0 pr\u00e9server les acteurs en leur d\u00e9livrant les outils n\u00e9cessaires \u00e0 une bonne pratique professionnelle.\u00a0Il s\u2019agit aussi de les conseiller dans le but de leur permettre d\u2019\u00e9voluer et de progresser dans leurs m\u00e9tiers, et cela dans la culture du respect et de la discipline.<\/p>\n<p>Car notre engagement \u00e0 votre service ne peut \u00eatre tenu que si nous recevons en retour discipline et respect.<\/p>\n<p>La qualit\u00e9 de notre\u00a0accueil est le premier de nos engagements et nous sommes ravis de vous remettre ce livret qui rappelle les valeurs humanistes qui nous animent. Notre \u00e9quipe est compl\u00e9t\u00e9e par l\u2019expertise d\u2019un r\u00e9f\u00e9rent handicap qui r\u00e9pondra \u00e0 toutes les sollicitations et questionnement pour les stagiaires en situation de handicap.<\/p>\n<p>Enfin, notre Comit\u00e9 Scientifique s\u2019engage \u00e9galement dans cette d\u00e9marche de qualit\u00e9 en appr\u00e9ciant les programmes propos\u00e9s et l\u2019expertise des intervenants afin de vous garantir une formation de qualit\u00e9 et en parfaite ad\u00e9quation avec vos attentes.<\/p>\n<p>Bienvenu(e) au sein de l\u2019Organisme BLUE SKY FORMATION et nous vous souhaitons un bon stage parmi nous.<\/p>\n<h4><strong>Nos Missions <\/strong><\/h4>\n<p>Nous mettons l&rsquo;ensemble de nos comp\u00e9tences ,nos exp\u00e9riences, nous savoirs faire pour la valorisation des \u00a0ressources humaines des entreprises et des particuliers qui souhaitent s&rsquo;\u00e9voluer dans leurs m\u00e9tiers.<\/p>\n<p><strong>Nos valeurs:<\/strong><\/p>\n<p>Qualit\u00e9, respect, accueil, comp\u00e9tence, confiance, humanisme, expertise, professionnalisme&#8230;[\/vc_column_text][\/vc_column][\/vc_row]<\/p>\n","protected":false},"excerpt":{"rendered":"<p>[vc_row][vc_column][vc_single_image image=\u00a0\u00bb386&Prime; img_size=\u00a0\u00bbfull\u00a0\u00bb][vc_empty_space height=\u00a0\u00bb40px\u00a0\u00bb][vc_column_text] L\u2019\u00e9ventail de nos services est \u00e9tendu. Notre \u00e9quipe, d\u00e9vou\u00e9e \u00e0 la formation professionnelle ainsi qu\u2019au conseil \u00e0 l\u2019entreprise, met en \u0153uvre les prestations de services suivantes: Formation professionnelle Traduction \u2013 Interpr\u00e9tariat Conseil strat\u00e9gique inter-entreprise [\/vc_column_text][vc_empty_space height=\u00a0\u00bb30px\u00a0\u00bb][vc_empty_space][\/vc_column][\/vc_row][vc_row][vc_column][vc_column_text] NOS CULTURES ET VALEURS Notre \u00e9tablissement, renomm\u00e9 pour son expertise et son esprit de responsabilit\u00e9, [&hellip;]<\/p>\n","protected":false},"author":1,"featured_media":0,"parent":11,"menu_order":0,"comment_status":"closed","ping_status":"closed","template":"","meta":{"footnotes":""},"class_list":["post-466","page","type-page","status-publish","hentry","no-post-thumbnail"],"_links":{"self":[{"href":"http:\/\/www.bsforma.com\/bsf\/wp-json\/wp\/v2\/pages\/466"}],"collection":[{"href":"http:\/\/www.bsforma.com\/bsf\/wp-json\/wp\/v2\/pages"}],"about":[{"href":"http:\/\/www.bsforma.com\/bsf\/wp-json\/wp\/v2\/types\/page"}],"author":[{"embeddable":true,"href":"http:\/\/www.bsforma.com\/bsf\/wp-json\/wp\/v2\/users\/1"}],"replies":[{"embeddable":true,"href":"http:\/\/www.bsforma.com\/bsf\/wp-json\/wp\/v2\/comments?post=466"}],"version-history":[{"count":14,"href":"http:\/\/www.bsforma.com\/bsf\/wp-json\/wp\/v2\/pages\/466\/revisions"}],"predecessor-version":[{"id":1825,"href":"http:\/\/www.bsforma.com\/bsf\/wp-json\/wp\/v2\/pages\/466\/revisions\/1825"}],"up":[{"embeddable":true,"href":"http:\/\/www.bsforma.com\/bsf\/wp-json\/wp\/v2\/pages\/11"}],"wp:attachment":[{"href":"http:\/\/www.bsforma.com\/bsf\/wp-json\/wp\/v2\/media?parent=466"}],"curies":[{"name":"wp","href":"https:\/\/api.w.org\/{rel}","templated":true}]}}