{"id":445,"date":"2019-02-06T00:06:36","date_gmt":"2019-02-05T23:06:36","guid":{"rendered":"http:\/\/www.bsforma.com\/bsf\/?page_id=445"},"modified":"2019-02-06T00:07:30","modified_gmt":"2019-02-05T23:07:30","slug":"training-programs-2","status":"publish","type":"page","link":"http:\/\/www.bsforma.com\/bsf\/training-programs-2\/","title":{"rendered":"Pr\u00e9sentation"},"content":{"rendered":"<p>[vc_row][vc_column][vc_row_inner][vc_column_inner width=\u00a0\u00bb1\/6&Prime;][\/vc_column_inner][vc_column_inner width=\u00a0\u00bb2\/3&Prime;][vc_column_text]<\/p>\n<h1 style=\"text-align: center;\">Pr\u00e9sentation<\/h1>\n<p>[\/vc_column_text][\/vc_column_inner][vc_column_inner width=\u00a0\u00bb1\/6&Prime;][\/vc_column_inner][\/vc_row_inner][vc_empty_space height=\u00a0\u00bb40px\u00a0\u00bb][vc_row_inner][vc_column_inner width=\u00a0\u00bb1\/2&Prime;][vc_column_text]<\/p>\n<p class=\"SCNT\" align=\"justify\">Fort d&rsquo;une \u00e9quipe diplom\u00e9e et exp\u00e9riment\u00e9e, notre centre a pour mission la mise en place de formations professionnelles et de services d\u2019assistance \u00e0 l\u2019entreprise. Nous vous accompagnons dans le d\u00e9veloppement de votre entreprise, \u00e0 travers la qualification de votre personnel, tout en optimisant votre investissement dans la valorisation des vos ressources humaines.<\/p>\n<p class=\"SCNT\" align=\"justify\">Offrir un service de qualit\u00e9, efficace et rigoureux \u00e0 nos clients est la devise de notre soci\u00e9t\u00e9.<\/p>\n<p class=\"SCNT\" align=\"justify\">Id\u00e9alement situ\u00e9 au centre de Paris, notre centre\u00a0<b>Blue Sky Formation<\/b>\u00a0qui existe depuis 2008, est un centre pluridisplinaire o\u00f9 la qualit\u00e9 de service, la relation de confiance et la valeur ajout\u00e9e sont d\u00e9terminantes dans la relation entre client et partenaire.<\/p>\n<p class=\"SCNT\" align=\"justify\">Notre client\u00e8le est tres diversifi\u00e9e, du particulier aux PME. Nous effectuons nos missons l\u00e9gales ou contractuelles dans de nombreux secteurs d\u2019activit\u00e9s.<\/p>\n<p class=\"SCNT\" align=\"justify\">Nous disposons de locaux munis d\u2019\u00e9quipements multimedias et de supports p\u00e9dagogiques afin d\u2019offrir une qualit\u00e9 de service conforme a l\u2019attente des clients.<\/p>\n<p align=\"justify\">Nous disposons de surcroit d\u2019une \u00e9quipe diplom\u00e9e, dynamique, p\u00e9dagogique et professionnelle, expriment\u00e9e dans divers domaines. Notre \u00e9quipe agit en toute ind\u00e9pendance et met l\u2019ensemble de ses comp\u00e9tences au service de ses clients.<\/p>\n<p>[\/vc_column_text][\/vc_column_inner][vc_column_inner width=\u00a0\u00bb1\/2&Prime;][vc_single_image image=\u00a0\u00bb382&Prime; img_size=\u00a0\u00bbfull\u00a0\u00bb][\/vc_column_inner][\/vc_row_inner][vc_empty_space height=\u00a0\u00bb60px\u00a0\u00bb][\/vc_column][\/vc_row]<\/p>\n","protected":false},"excerpt":{"rendered":"<p>[vc_row][vc_column][vc_row_inner][vc_column_inner width=\u00a0\u00bb1\/6&Prime;][\/vc_column_inner][vc_column_inner width=\u00a0\u00bb2\/3&Prime;][vc_column_text] Pr\u00e9sentation [\/vc_column_text][\/vc_column_inner][vc_column_inner width=\u00a0\u00bb1\/6&Prime;][\/vc_column_inner][\/vc_row_inner][vc_empty_space height=\u00a0\u00bb40px\u00a0\u00bb][vc_row_inner][vc_column_inner width=\u00a0\u00bb1\/2&Prime;][vc_column_text] Fort d&rsquo;une \u00e9quipe diplom\u00e9e et exp\u00e9riment\u00e9e, notre centre a pour mission la mise en place de formations professionnelles et de services d\u2019assistance \u00e0 l\u2019entreprise. Nous vous accompagnons dans le d\u00e9veloppement de votre entreprise, \u00e0 travers la qualification de votre personnel, tout en optimisant votre investissement dans la [&hellip;]<\/p>\n","protected":false},"author":1,"featured_media":0,"parent":0,"menu_order":0,"comment_status":"closed","ping_status":"closed","template":"","meta":{"footnotes":""},"class_list":["post-445","page","type-page","status-publish","hentry","no-post-thumbnail"],"_links":{"self":[{"href":"http:\/\/www.bsforma.com\/bsf\/wp-json\/wp\/v2\/pages\/445"}],"collection":[{"href":"http:\/\/www.bsforma.com\/bsf\/wp-json\/wp\/v2\/pages"}],"about":[{"href":"http:\/\/www.bsforma.com\/bsf\/wp-json\/wp\/v2\/types\/page"}],"author":[{"embeddable":true,"href":"http:\/\/www.bsforma.com\/bsf\/wp-json\/wp\/v2\/users\/1"}],"replies":[{"embeddable":true,"href":"http:\/\/www.bsforma.com\/bsf\/wp-json\/wp\/v2\/comments?post=445"}],"version-history":[{"count":3,"href":"http:\/\/www.bsforma.com\/bsf\/wp-json\/wp\/v2\/pages\/445\/revisions"}],"predecessor-version":[{"id":448,"href":"http:\/\/www.bsforma.com\/bsf\/wp-json\/wp\/v2\/pages\/445\/revisions\/448"}],"wp:attachment":[{"href":"http:\/\/www.bsforma.com\/bsf\/wp-json\/wp\/v2\/media?parent=445"}],"curies":[{"name":"wp","href":"https:\/\/api.w.org\/{rel}","templated":true}]}}