{"id":1035,"date":"2021-03-06T17:13:15","date_gmt":"2021-03-06T16:13:15","guid":{"rendered":"http:\/\/www.bsforma.com\/bsf\/?page_id=1035"},"modified":"2023-02-20T16:51:33","modified_gmt":"2023-02-20T15:51:33","slug":"financement","status":"publish","type":"page","link":"http:\/\/www.bsforma.com\/bsf\/financement\/","title":{"rendered":"Financement"},"content":{"rendered":"<p>[vc_row][vc_column][vc_empty_space height=\u00a0\u00bb40px\u00a0\u00bb][vc_column_text]<\/p>\n<h3>Financement<\/h3>\n<p>1.\u00a0Par les op\u00e9rateurs de comp\u00e9tences (OPCO, ex-OPCA)\u00a0:<br \/>\nplusieurs dispositifs de financement sont accessibles selon les crit\u00e8res de prise en charge de chaque OPCO. Pour plus d&rsquo;information, Notre \u00e9quipe de gestionnaires sp\u00e9cialis\u00e9e vous accompagne dans le choix de vos formations et la gestion administrative.<br \/>\nEn savoir plus sur les OPCO.Financer<br \/>\n2.\u00a0Par CPF<br \/>\nCertaines formations certifiantes sont \u00e9ligible au CPF:<br \/>\nDans le cadre d&rsquo;un financement de la formation par le CPF, le passage de l&rsquo;examen de certification \u00e0 distance est requis (sans condition de r\u00e9ussite).<br \/>\n3.\u00a0\u00c0 votre charge<br \/>\nLes frais des formations sont \u00e0 votre charge.<\/p>\n<h3><\/h3>\n<p>[\/vc_column_text][vc_empty_space height=\u00a0\u00bb30px\u00a0\u00bb][\/vc_column][\/vc_row]<\/p>\n","protected":false},"excerpt":{"rendered":"<p>[vc_row][vc_column][vc_empty_space height=\u00a0\u00bb40px\u00a0\u00bb][vc_column_text] Financement 1.\u00a0Par les op\u00e9rateurs de comp\u00e9tences (OPCO, ex-OPCA)\u00a0: plusieurs dispositifs de financement sont accessibles selon les crit\u00e8res de prise en charge de chaque OPCO. Pour plus d&rsquo;information, Notre \u00e9quipe de gestionnaires sp\u00e9cialis\u00e9e vous accompagne dans le choix de vos formations et la gestion administrative. En savoir plus sur les OPCO.Financer 2.\u00a0Par CPF Certaines [&hellip;]<\/p>\n","protected":false},"author":1,"featured_media":0,"parent":0,"menu_order":0,"comment_status":"closed","ping_status":"closed","template":"","meta":{"footnotes":""},"class_list":["post-1035","page","type-page","status-publish","hentry","no-post-thumbnail"],"_links":{"self":[{"href":"http:\/\/www.bsforma.com\/bsf\/wp-json\/wp\/v2\/pages\/1035"}],"collection":[{"href":"http:\/\/www.bsforma.com\/bsf\/wp-json\/wp\/v2\/pages"}],"about":[{"href":"http:\/\/www.bsforma.com\/bsf\/wp-json\/wp\/v2\/types\/page"}],"author":[{"embeddable":true,"href":"http:\/\/www.bsforma.com\/bsf\/wp-json\/wp\/v2\/users\/1"}],"replies":[{"embeddable":true,"href":"http:\/\/www.bsforma.com\/bsf\/wp-json\/wp\/v2\/comments?post=1035"}],"version-history":[{"count":7,"href":"http:\/\/www.bsforma.com\/bsf\/wp-json\/wp\/v2\/pages\/1035\/revisions"}],"predecessor-version":[{"id":1318,"href":"http:\/\/www.bsforma.com\/bsf\/wp-json\/wp\/v2\/pages\/1035\/revisions\/1318"}],"wp:attachment":[{"href":"http:\/\/www.bsforma.com\/bsf\/wp-json\/wp\/v2\/media?parent=1035"}],"curies":[{"name":"wp","href":"https:\/\/api.w.org\/{rel}","templated":true}]}}